{"id":64,"date":"2024-06-27T03:57:04","date_gmt":"2024-06-27T03:57:04","guid":{"rendered":"https:\/\/stssapaz.org.mx\/transparencia\/?page_id=64"},"modified":"2024-09-10T05:06:41","modified_gmt":"2024-09-10T05:06:41","slug":"inicio","status":"publish","type":"page","link":"https:\/\/stssapaz.org.mx\/transparencia\/","title":{"rendered":"Inicio"},"content":{"rendered":"<p>[et_pb_section fb_built=\u00bb1&#8243; _builder_version=\u00bb4.25.1&#8243; _module_preset=\u00bbdefault\u00bb global_colors_info=\u00bb{}\u00bb][et_pb_row _builder_version=\u00bb4.25.1&#8243; _module_preset=\u00bbdefault\u00bb global_colors_info=\u00bb{}\u00bb][et_pb_column type=\u00bb4_4&#8243; _builder_version=\u00bb4.25.1&#8243; _module_preset=\u00bbdefault\u00bb global_colors_info=\u00bb{}\u00bb][et_pb_heading title=\u00bbBienvenido al portal de Transparencia del Sindicato de Trabajadores al Servicio del Sistema de Agua Potable Alcantarillado de Zamora\u00bb _builder_version=\u00bb4.25.1&#8243; _module_preset=\u00bbdefault\u00bb title_font=\u00bb|700|||||||\u00bb title_text_align=\u00bbcenter\u00bb title_text_color=\u00bb#0a95b5&#8243; title_line_height=\u00bb1.6em\u00bb global_colors_info=\u00bb{}\u00bb][\/et_pb_heading][\/et_pb_column][\/et_pb_row][et_pb_row column_structure=\u00bb2_5,3_5&#8243; _builder_version=\u00bb4.25.1&#8243; _module_preset=\u00bbdefault\u00bb global_colors_info=\u00bb{}\u00bb][et_pb_column type=\u00bb2_5&#8243; _builder_version=\u00bb4.25.1&#8243; _module_preset=\u00bbdefault\u00bb global_colors_info=\u00bb{}\u00bb][et_pb_image src=\u00bbhttps:\/\/stssapaz.org.mx\/transparencia\/wp-content\/uploads\/2024\/09\/ma-elena.jpg\u00bb title_text=\u00bbma-elena\u00bb align=\u00bbcenter\u00bb _builder_version=\u00bb4.27.0&#8243; _module_preset=\u00bbdefault\u00bb module_alignment=\u00bbcenter\u00bb hover_enabled=\u00bb0&#8243; border_radii=\u00bbon|25px|25px|25px|25px\u00bb border_width_all=\u00bb3px\u00bb border_color_all=\u00bb#0b91ba\u00bb global_colors_info=\u00bb{}\u00bb sticky_enabled=\u00bb0&#8243;][\/et_pb_image][et_pb_heading title=\u00bbMar\u00eda Elena Buenrostro Zepeda\u00bb _builder_version=\u00bb4.25.1&#8243; _module_preset=\u00bbdefault\u00bb title_level=\u00bbh2&#8243; title_font=\u00bb|600|||||||\u00bb title_text_align=\u00bbcenter\u00bb title_text_color=\u00bb#0b87bc\u00bb title_font_size=\u00bb20px\u00bb global_colors_info=\u00bb{}\u00bb][\/et_pb_heading][et_pb_heading title=\u00bbSecretaria General\u00bb _builder_version=\u00bb4.25.1&#8243; _module_preset=\u00bbdefault\u00bb title_level=\u00bbh2&#8243; title_font=\u00bb|600|||||||\u00bb title_text_align=\u00bbcenter\u00bb title_text_color=\u00bb#7a7a7a\u00bb title_font_size=\u00bb18px\u00bb global_colors_info=\u00bb{}\u00bb][\/et_pb_heading][\/et_pb_column][et_pb_column type=\u00bb3_5&#8243; _builder_version=\u00bb4.25.1&#8243; _module_preset=\u00bbdefault\u00bb global_colors_info=\u00bb{}\u00bb][et_pb_text _builder_version=\u00bb4.25.1&#8243; _module_preset=\u00bbdefault\u00bb text_text_color=\u00bb#000000&#8243; text_font_size=\u00bb19px\u00bb text_line_height=\u00bb1.4em\u00bb text_orientation=\u00bbjustified\u00bb global_colors_info=\u00bb{}\u00bb]<\/p>\n<p>Con un firme compromiso en garantizar el derecho fundamental al acceso a la informaci\u00f3n p\u00fablica, refrendamos nuestro compromiso en generar una cultura de rendici\u00f3n de cuentas y un sindicato abierto para todos nuestros compa\u00f1eros sindicalizados, reconociendo que la transparencia representa un eje fundamental para garantizar la democracia.<\/p>\n<p>Nuestro sindicato se rige bajo los principios de certeza, eficacia, imparcialidad, independencia, legalidad, m\u00e1xima publicidad, objetividad, profesionalismo y transparencia.<\/p>\n<p>Por medio de este portal puede accesar a la informaci\u00f3n p\u00fablica de oficio contemplada en los art\u00edculos 35, 44 y 45 de la Ley de Transparencia Acceso a Informaci\u00f3n P\u00fablica y Protecci\u00f3n de Datos Personales para el Estado de Michoac\u00e1n de Ocampo, ejercita tu derecho a estar informado.<\/p>\n<p>Ahora usted puede accesar a la informaci\u00f3n publica mediante el siguiente enlace URL:<\/p>\n<p>[\/et_pb_text][et_pb_image src=\u00bbhttps:\/\/stssapaz.org.mx\/transparencia\/wp-content\/uploads\/2024\/06\/ptn-300&#215;151-1.png\u00bb title_text=\u00bbptn-300&#215;151&#8243; url=\u00bbhttps:\/\/consultapublicamx.plataformadetransparencia.org.mx\/\u00bb url_new_window=\u00bbon\u00bb align=\u00bbcenter\u00bb _builder_version=\u00bb4.25.1&#8243; _module_preset=\u00bbdefault\u00bb global_colors_info=\u00bb{}\u00bb][\/et_pb_image][\/et_pb_column][\/et_pb_row][\/et_pb_section]<\/p>\n","protected":false},"excerpt":{"rendered":"<p>Con un firme compromiso en garantizar el derecho fundamental al acceso a la informaci\u00f3n p\u00fablica, refrendamos nuestro compromiso en generar una cultura de rendici\u00f3n de cuentas y un sindicato abierto para todos nuestros compa\u00f1eros sindicalizados, reconociendo que la transparencia representa un eje fundamental para garantizar la democracia. Nuestro sindicato se rige bajo los principios de [&hellip;]<\/p>\n","protected":false},"author":1,"featured_media":0,"parent":0,"menu_order":0,"comment_status":"closed","ping_status":"closed","template":"","meta":{"_et_pb_use_builder":"on","_et_pb_old_content":"<!-- wp:divi\/placeholder \/-->","_et_gb_content_width":"","footnotes":""},"class_list":["post-64","page","type-page","status-publish","hentry"],"_links":{"self":[{"href":"https:\/\/stssapaz.org.mx\/transparencia\/index.php\/wp-json\/wp\/v2\/pages\/64"}],"collection":[{"href":"https:\/\/stssapaz.org.mx\/transparencia\/index.php\/wp-json\/wp\/v2\/pages"}],"about":[{"href":"https:\/\/stssapaz.org.mx\/transparencia\/index.php\/wp-json\/wp\/v2\/types\/page"}],"author":[{"embeddable":true,"href":"https:\/\/stssapaz.org.mx\/transparencia\/index.php\/wp-json\/wp\/v2\/users\/1"}],"replies":[{"embeddable":true,"href":"https:\/\/stssapaz.org.mx\/transparencia\/index.php\/wp-json\/wp\/v2\/comments?post=64"}],"version-history":[{"count":4,"href":"https:\/\/stssapaz.org.mx\/transparencia\/index.php\/wp-json\/wp\/v2\/pages\/64\/revisions"}],"predecessor-version":[{"id":94,"href":"https:\/\/stssapaz.org.mx\/transparencia\/index.php\/wp-json\/wp\/v2\/pages\/64\/revisions\/94"}],"wp:attachment":[{"href":"https:\/\/stssapaz.org.mx\/transparencia\/index.php\/wp-json\/wp\/v2\/media?parent=64"}],"curies":[{"name":"wp","href":"https:\/\/api.w.org\/{rel}","templated":true}]}}